{"id":13251,"date":"2025-04-23T09:16:59","date_gmt":"2025-04-23T09:16:59","guid":{"rendered":"https:\/\/kurita-eu-gudza2cjbzfhcwbx.francecentral-01.azurewebsites.net\/?page_id=13251"},"modified":"2026-03-23T08:48:06","modified_gmt":"2026-03-23T08:48:06","slug":"codigo-de-conducta-de-kurita","status":"publish","type":"page","link":"https:\/\/latamkurit-5281ce4bb8-cteaeha6g3c2hjhc.a03.azurefd.net\/es\/codigo-de-conducta-de-kurita\/","title":{"rendered":"C\u00f3digo de conducta"},"content":{"rendered":"<div data-elementor-type=\"wp-page\" data-elementor-id=\"13251\" class=\"elementor elementor-13251\" data-elementor-post-type=\"page\">\n\t\t\t\t\t\t<section class=\"elementor-section elementor-top-section elementor-element elementor-element-5d858acf elementor-section-full_width elementor-section-height-default elementor-section-height-default\" data-id=\"5d858acf\" data-element_type=\"section\">\n\t\t\t\t\t\t<div class=\"elementor-container elementor-column-gap-default\">\n\t\t\t\t\t<div class=\"elementor-column elementor-col-100 elementor-top-column elementor-element elementor-element-20dd615c\" data-id=\"20dd615c\" data-element_type=\"column\">\n\t\t\t<div class=\"elementor-widget-wrap elementor-element-populated\">\n\t\t\t\t\t\t<div class=\"elementor-element elementor-element-7fa9a440 elementor--h-position-center elementor--v-position-middle elementor-arrows-position-inside elementor-pagination-position-inside elementor-widget elementor-widget-slides\" data-id=\"7fa9a440\" data-element_type=\"widget\" data-settings=\"{&quot;navigation&quot;:&quot;both&quot;,&quot;autoplay&quot;:&quot;yes&quot;,&quot;pause_on_hover&quot;:&quot;yes&quot;,&quot;pause_on_interaction&quot;:&quot;yes&quot;,&quot;autoplay_speed&quot;:5000,&quot;infinite&quot;:&quot;yes&quot;,&quot;transition&quot;:&quot;slide&quot;,&quot;transition_speed&quot;:500}\" data-widget_type=\"slides.default\">\n\t\t\t\t<div class=\"elementor-widget-container\">\n\t\t\t\t\t\t\t\t\t<div class=\"elementor-swiper\">\n\t\t\t\t\t<div class=\"elementor-slides-wrapper elementor-main-swiper swiper\" role=\"region\" aria-roledescription=\"carousel\" aria-label=\"Diapositivas\" dir=\"ltr\" data-animation=\"fadeInUp\">\n\t\t\t\t<div class=\"swiper-wrapper elementor-slides\">\n\t\t\t\t\t\t\t\t\t\t<div class=\"elementor-repeater-item-4e0b9f7 swiper-slide\" role=\"group\" aria-roledescription=\"slide\"><div class=\"swiper-slide-bg elementor-ken-burns elementor-ken-burns--in\" role=\"img\"><\/div><div class=\"elementor-background-overlay\"><\/div><div class=\"swiper-slide-inner\" ><div class=\"swiper-slide-contents\"><h1 class=\"elementor-slide-heading\">C\u00f3digo de conducta del Grupo Kurita<\/h1><\/div><\/div><\/div>\t\t\t\t<\/div>\n\t\t\t\t\t\t\t<\/div>\n\t\t\t\t<\/div>\n\t\t\t\t\t\t\t\t<\/div>\n\t\t\t\t<\/div>\n\t\t\t\t\t<\/div>\n\t\t<\/div>\n\t\t\t\t\t<\/div>\n\t\t<\/section>\n\t\t\t\t<section class=\"elementor-section elementor-top-section elementor-element elementor-element-898aa20 elementor-section-boxed elementor-section-height-default elementor-section-height-default\" data-id=\"898aa20\" data-element_type=\"section\">\n\t\t\t\t\t\t<div class=\"elementor-container elementor-column-gap-default\">\n\t\t\t\t\t<div class=\"elementor-column elementor-col-100 elementor-top-column elementor-element elementor-element-78d4c27e margin-content\" data-id=\"78d4c27e\" data-element_type=\"column\">\n\t\t\t<div class=\"elementor-widget-wrap elementor-element-populated\">\n\t\t\t\t\t\t<div class=\"elementor-element elementor-element-69a01ee8 elementor-widget elementor-widget-text-editor\" data-id=\"69a01ee8\" data-element_type=\"widget\" data-widget_type=\"text-editor.default\">\n\t\t\t\t<div class=\"elementor-widget-container\">\n\t\t\t\t\t\t\t\t\t<p>Todos los directivos y empleados del Grupo Kurita comparten la equidad, la transparencia, la integridad, la seguridad y la compatibilidad como c\u00f3digo \u00e9tico, y se ha creado el C\u00f3digo de Conducta del Grupo Kurita para establecer las directrices b\u00e1sicas de juicio y conducta sobre c\u00f3mo deben comportarse todos los directivos y empleados del Grupo Kurita y qu\u00e9 conductas est\u00e1n prohibidas. El C\u00f3digo se ha divulgado en la p\u00e1gina web de la empresa. El enfoque b\u00e1sico del Grupo Kurita hacia el cumplimiento es aplicar este c\u00f3digo de conducta promoviendo una comprensi\u00f3n m\u00e1s profunda del c\u00f3digo dentro de la organizaci\u00f3n, revisando las directrices de cumplimiento formuladas en cada divisi\u00f3n y empresa del Grupo, y promoviendo su conocimiento en toda la organizaci\u00f3n.<\/p>\t\t\t\t\t\t\t\t<\/div>\n\t\t\t\t<\/div>\n\t\t\t\t\t<\/div>\n\t\t<\/div>\n\t\t\t\t\t<\/div>\n\t\t<\/section>\n\t\t\t\t<section class=\"elementor-section elementor-top-section elementor-element elementor-element-7c334f34 elementor-section-boxed elementor-section-height-default elementor-section-height-default\" data-id=\"7c334f34\" data-element_type=\"section\">\n\t\t\t\t\t\t<div class=\"elementor-container elementor-column-gap-default\">\n\t\t\t\t\t<div class=\"elementor-column elementor-col-100 elementor-top-column elementor-element elementor-element-678cedea\" data-id=\"678cedea\" data-element_type=\"column\">\n\t\t\t<div class=\"elementor-widget-wrap elementor-element-populated\">\n\t\t\t\t\t\t<section class=\"elementor-section elementor-inner-section elementor-element elementor-element-7b7f0d88 elementor-section-boxed elementor-section-height-default elementor-section-height-default\" data-id=\"7b7f0d88\" data-element_type=\"section\">\n\t\t\t\t\t\t<div class=\"elementor-container elementor-column-gap-default\">\n\t\t\t\t\t<div class=\"elementor-column elementor-col-100 elementor-inner-column elementor-element elementor-element-4fa5ac77\" data-id=\"4fa5ac77\" data-element_type=\"column\">\n\t\t\t<div class=\"elementor-widget-wrap elementor-element-populated\">\n\t\t\t\t\t\t<div class=\"elementor-element elementor-element-59e4b11 elementor-position-top elementor-widget elementor-widget-image-box\" data-id=\"59e4b11\" data-element_type=\"widget\" data-widget_type=\"image-box.default\">\n\t\t\t\t<div class=\"elementor-widget-container\">\n\t\t\t\t\t<div class=\"elementor-image-box-wrapper\"><figure class=\"elementor-image-box-img\" data-no-translation=\"\"><img decoding=\"async\" width=\"150\" height=\"150\" src=\"\/wp-content\/uploads\/2025\/04\/book-or-newspaper-150x150.png\" class=\"elementor-animation-grow attachment-thumbnail size-thumbnail wp-image-13254\" alt=\"\" srcset=\"\/wp-content\/uploads\/2025\/04\/book-or-newspaper-150x150.png 150w, \/wp-content\/uploads\/2025\/04\/book-or-newspaper-300x300.png 300w, \/wp-content\/uploads\/2025\/04\/book-or-newspaper.png 512w\" sizes=\"(max-width: 150px) 100vw, 150px\" data-no-translation=\"\" \/><\/figure><div class=\"elementor-image-box-content\"><h3 class=\"elementor-image-box-title\">Descargar el C\u00f3digo de conducta <\/h3><p class=\"elementor-image-box-description\">\n<\/p><\/div><\/div>\t\t\t\t<\/div>\n\t\t\t\t<\/div>\n\t\t\t\t<div class=\"elementor-element elementor-element-407ceb35 elementor-align-center elementor-icon-list--layout-traditional elementor-list-item-link-full_width elementor-widget elementor-widget-icon-list\" data-id=\"407ceb35\" data-element_type=\"widget\" data-widget_type=\"icon-list.default\">\n\t\t\t\t<div class=\"elementor-widget-container\">\n\t\t\t\t\t\t\t<ul class=\"elementor-icon-list-items\">\n\t\t\t\t\t\t\t<li class=\"elementor-icon-list-item\">\n\t\t\t\t\t\t\t\t\t\t\t<a href=\"\/wp-content\/uploads\/2025\/07\/Code-of-Conduct-Eng2023.07revised.pdf\">\n\n\t\t\t\t\t\t\t\t\t\t\t\t<span class=\"elementor-icon-list-icon\">\n\t\t\t\t\t\t\t<svg aria-hidden=\"true\" class=\"e-font-icon-svg e-fas-check\" viewbox=\"0 0 512 512\" xmlns=\"http:\/\/www.w3.org\/2000\/svg\"><path d=\"M173.898 439.404l-166.4-166.4c-9.997-9.997-9.997-26.206 0-36.204l36.203-36.204c9.997-9.998 26.207-9.998 36.204 0L192 312.69 432.095 72.596c9.997-9.997 26.207-9.997 36.204 0l36.203 36.204c9.997 9.997 9.997 26.206 0 36.204l-294.4 294.401c-9.998 9.997-26.207 9.997-36.204-.001z\"><\/path><\/svg>\t\t\t\t\t\t<\/span>\n\t\t\t\t\t\t\t\t\t\t<span class=\"elementor-icon-list-text\">Ingl\u00e9s<\/span>\n\t\t\t\t\t\t\t\t\t\t\t<\/a>\n\t\t\t\t\t\t\t\t\t<\/li>\n\t\t\t\t\t\t\t\t<li class=\"elementor-icon-list-item\">\n\t\t\t\t\t\t\t\t\t\t\t<a href=\"\/wp-content\/uploads\/2025\/07\/Code-of-Conduct_SPANISH_202307-.pdf\">\n\n\t\t\t\t\t\t\t\t\t\t\t\t<span class=\"elementor-icon-list-icon\">\n\t\t\t\t\t\t\t<svg aria-hidden=\"true\" class=\"e-font-icon-svg e-fas-check\" viewbox=\"0 0 512 512\" xmlns=\"http:\/\/www.w3.org\/2000\/svg\"><path d=\"M173.898 439.404l-166.4-166.4c-9.997-9.997-9.997-26.206 0-36.204l36.203-36.204c9.997-9.998 26.207-9.998 36.204 0L192 312.69 432.095 72.596c9.997-9.997 26.207-9.997 36.204 0l36.203 36.204c9.997 9.997 9.997 26.206 0 36.204l-294.4 294.401c-9.998 9.997-26.207 9.997-36.204-.001z\"><\/path><\/svg>\t\t\t\t\t\t<\/span>\n\t\t\t\t\t\t\t\t\t\t<span class=\"elementor-icon-list-text\">Espa\u00f1ol<\/span>\n\t\t\t\t\t\t\t\t\t\t\t<\/a>\n\t\t\t\t\t\t\t\t\t<\/li>\n\t\t\t\t\t\t<\/ul>\n\t\t\t\t\t\t<\/div>\n\t\t\t\t<\/div>\n\t\t\t\t\t<\/div>\n\t\t<\/div>\n\t\t\t\t\t<\/div>\n\t\t<\/section>\n\t\t\t\t\t<\/div>\n\t\t<\/div>\n\t\t\t\t\t<\/div>\n\t\t<\/section>\n\t\t\t\t<\/div>","protected":false},"excerpt":{"rendered":"<p>C\u00f3digo de Conducta del Grupo Kurita Todos los directivos y empleados del Grupo Kurita comparten la equidad, la transparencia, la integridad, la seguridad y la compatibilidad como C\u00f3digo \u00c9tico, y el C\u00f3digo de Conducta del Grupo Kurita se ha creado para establecer las directrices b\u00e1sicas de juicio y conducta sobre c\u00f3mo deben comportarse todos los directivos y empleados del Grupo Kurita y qu\u00e9 conducta [...].<\/p>","protected":false},"author":2,"featured_media":0,"parent":0,"menu_order":0,"comment_status":"closed","ping_status":"closed","template":"","meta":{"footnotes":""},"class_list":["post-13251","page","type-page","status-publish","hentry"],"yoast_head":"<!-- This site is optimized with the Yoast SEO plugin v25.5 - https:\/\/yoast.com\/wordpress\/plugins\/seo\/ -->\n<title>Code of Conduct - Kurita LATAM<\/title>\n<meta name=\"description\" content=\"Learn about Kurita Europe&#039;s Code of Conduct\u2014guiding ethical behavior, integrity, and sustainability across all business practices.\" \/>\n<meta name=\"robots\" content=\"index, follow, max-snippet:-1, max-image-preview:large, max-video-preview:-1\" \/>\n<link rel=\"canonical\" href=\"https:\/\/latam.kurita-water.com\/es\/codigo-de-conducta-de-kurita\/\" \/>\n<meta property=\"og:locale\" content=\"es_ES\" \/>\n<meta property=\"og:type\" content=\"article\" \/>\n<meta property=\"og:title\" content=\"Code of Conduct - Kurita LATAM\" \/>\n<meta property=\"og:description\" content=\"Learn about Kurita Europe&#039;s Code of Conduct\u2014guiding ethical behavior, integrity, and sustainability across all business practices.\" \/>\n<meta property=\"og:url\" content=\"https:\/\/latam.kurita-water.com\/es\/codigo-de-conducta-de-kurita\/\" \/>\n<meta property=\"og:site_name\" content=\"Kurita LATAM\" \/>\n<meta property=\"article:modified_time\" content=\"2026-03-23T08:48:06+00:00\" \/>\n<meta property=\"og:image\" content=\"https:\/\/latamkurit-5281ce4bb8-cteaeha6g3c2hjhc.a03.azurefd.net\/wp-content\/uploads\/2025\/07\/kurita-favicon-512x512-1.png\" \/>\n\t<meta property=\"og:image:width\" content=\"512\" \/>\n\t<meta property=\"og:image:height\" content=\"512\" \/>\n\t<meta property=\"og:image:type\" content=\"image\/png\" \/>\n<meta name=\"twitter:card\" content=\"summary_large_image\" \/>\n<meta name=\"twitter:label1\" content=\"Tiempo de lectura\" \/>\n\t<meta name=\"twitter:data1\" content=\"1 minuto\" \/>\n<script type=\"application\/ld+json\" class=\"yoast-schema-graph\">{\"@context\":\"https:\/\/schema.org\",\"@graph\":[{\"@type\":\"WebPage\",\"@id\":\"https:\/\/latam.kurita-water.com\/es\/codigo-de-conducta-de-kurita\/\",\"url\":\"https:\/\/latam.kurita-water.com\/es\/codigo-de-conducta-de-kurita\/\",\"name\":\"Code of Conduct - Kurita LATAM\",\"isPartOf\":{\"@id\":\"https:\/\/latam.kurita-water.com\/es\/#website\"},\"datePublished\":\"2025-04-23T09:16:59+00:00\",\"dateModified\":\"2026-03-23T08:48:06+00:00\",\"description\":\"Learn about Kurita Europe's Code of Conduct\u2014guiding ethical behavior, integrity, and sustainability across all business practices.\",\"breadcrumb\":{\"@id\":\"https:\/\/latam.kurita-water.com\/es\/codigo-de-conducta-de-kurita\/#breadcrumb\"},\"inLanguage\":\"es\",\"potentialAction\":[{\"@type\":\"ReadAction\",\"target\":[\"https:\/\/latam.kurita-water.com\/es\/codigo-de-conducta-de-kurita\/\"]}]},{\"@type\":\"BreadcrumbList\",\"@id\":\"https:\/\/latam.kurita-water.com\/es\/codigo-de-conducta-de-kurita\/#breadcrumb\",\"itemListElement\":[{\"@type\":\"ListItem\",\"position\":1,\"name\":\"Home\",\"item\":\"https:\/\/latam.kurita-water.com\/es\/\"},{\"@type\":\"ListItem\",\"position\":2,\"name\":\"Code of Conduct\"}]},{\"@type\":\"WebSite\",\"@id\":\"https:\/\/latam.kurita-water.com\/es\/#website\",\"url\":\"https:\/\/latam.kurita-water.com\/es\/\",\"name\":\"Kurita LATAM\",\"description\":\"Water Treatment Solutions\",\"publisher\":{\"@id\":\"https:\/\/latam.kurita-water.com\/es\/#organization\"},\"potentialAction\":[{\"@type\":\"SearchAction\",\"target\":{\"@type\":\"EntryPoint\",\"urlTemplate\":\"https:\/\/latam.kurita-water.com\/es\/?s={search_term_string}\"},\"query-input\":{\"@type\":\"PropertyValueSpecification\",\"valueRequired\":true,\"valueName\":\"search_term_string\"}}],\"inLanguage\":\"es\"},{\"@type\":\"Organization\",\"@id\":\"https:\/\/latam.kurita-water.com\/es\/#organization\",\"name\":\"Kurita LATAM\",\"url\":\"https:\/\/latam.kurita-water.com\/es\/\",\"logo\":{\"@type\":\"ImageObject\",\"inLanguage\":\"es\",\"@id\":\"https:\/\/latam.kurita-water.com\/es\/#\/schema\/logo\/image\/\",\"url\":\"\/wp-content\/uploads\/2025\/05\/cropped-brand_mark_horizon_blue.png\",\"contentUrl\":\"\/wp-content\/uploads\/2025\/05\/cropped-brand_mark_horizon_blue.png\",\"width\":712,\"height\":204,\"caption\":\"Kurita LATAM\"},\"image\":{\"@id\":\"https:\/\/latam.kurita-water.com\/es\/#\/schema\/logo\/image\/\"}}]}<\/script>\n<!-- \/ Yoast SEO plugin. -->","yoast_head_json":{"title":"C\u00f3digo de conducta - Kurita LATAM","description":"Conozca el C\u00f3digo de Conducta de Kurita Europe, que rige el comportamiento \u00e9tico, la integridad y la sostenibilidad en todas las pr\u00e1cticas empresariales.","robots":{"index":"index","follow":"follow","max-snippet":"max-snippet:-1","max-image-preview":"max-image-preview:large","max-video-preview":"max-video-preview:-1"},"canonical":"https:\/\/latam.kurita-water.com\/es\/codigo-de-conducta-de-kurita\/","og_locale":"es_ES","og_type":"article","og_title":"Code of Conduct - Kurita LATAM","og_description":"Learn about Kurita Europe's Code of Conduct\u2014guiding ethical behavior, integrity, and sustainability across all business practices.","og_url":"https:\/\/latam.kurita-water.com\/es\/codigo-de-conducta-de-kurita\/","og_site_name":"Kurita LATAM","article_modified_time":"2026-03-23T08:48:06+00:00","og_image":[{"width":512,"height":512,"url":"https:\/\/latamkurit-5281ce4bb8-cteaeha6g3c2hjhc.a03.azurefd.net\/wp-content\/uploads\/2025\/07\/kurita-favicon-512x512-1.png","type":"image\/png"}],"twitter_card":"summary_large_image","twitter_misc":{"Tiempo de lectura":"1 minuto"},"schema":{"@context":"https:\/\/schema.org","@graph":[{"@type":"WebPage","@id":"https:\/\/latam.kurita-water.com\/es\/codigo-de-conducta-de-kurita\/","url":"https:\/\/latam.kurita-water.com\/es\/codigo-de-conducta-de-kurita\/","name":"C\u00f3digo de conducta - Kurita LATAM","isPartOf":{"@id":"https:\/\/latam.kurita-water.com\/es\/#website"},"datePublished":"2025-04-23T09:16:59+00:00","dateModified":"2026-03-23T08:48:06+00:00","description":"Conozca el C\u00f3digo de Conducta de Kurita Europe, que rige el comportamiento \u00e9tico, la integridad y la sostenibilidad en todas las pr\u00e1cticas empresariales.","breadcrumb":{"@id":"https:\/\/latam.kurita-water.com\/es\/codigo-de-conducta-de-kurita\/#breadcrumb"},"inLanguage":"es","potentialAction":[{"@type":"ReadAction","target":["https:\/\/latam.kurita-water.com\/es\/codigo-de-conducta-de-kurita\/"]}]},{"@type":"BreadcrumbList","@id":"https:\/\/latam.kurita-water.com\/es\/codigo-de-conducta-de-kurita\/#breadcrumb","itemListElement":[{"@type":"ListItem","position":1,"name":"Home","item":"https:\/\/latam.kurita-water.com\/es\/"},{"@type":"ListItem","position":2,"name":"Code of Conduct"}]},{"@type":"WebSite","@id":"https:\/\/latam.kurita-water.com\/es\/#website","url":"https:\/\/latam.kurita-water.com\/es\/","name":"Kurita LATAM","description":"Soluciones para el tratamiento del agua","publisher":{"@id":"https:\/\/latam.kurita-water.com\/es\/#organization"},"potentialAction":[{"@type":"SearchAction","target":{"@type":"EntryPoint","urlTemplate":"https:\/\/latam.kurita-water.com\/es\/?s={search_term_string}"},"query-input":{"@type":"PropertyValueSpecification","valueRequired":true,"valueName":"search_term_string"}}],"inLanguage":"es"},{"@type":"Organization","@id":"https:\/\/latam.kurita-water.com\/es\/#organization","name":"Kurita LATAM","url":"https:\/\/latam.kurita-water.com\/es\/","logo":{"@type":"ImageObject","inLanguage":"es","@id":"https:\/\/latam.kurita-water.com\/es\/#\/schema\/logo\/image\/","url":"\/wp-content\/uploads\/2025\/05\/cropped-brand_mark_horizon_blue.png","contentUrl":"\/wp-content\/uploads\/2025\/05\/cropped-brand_mark_horizon_blue.png","width":712,"height":204,"caption":"Kurita LATAM"},"image":{"@id":"https:\/\/latam.kurita-water.com\/es\/#\/schema\/logo\/image\/"}}]}},"_links":{"self":[{"href":"https:\/\/latamkurit-5281ce4bb8-cteaeha6g3c2hjhc.a03.azurefd.net\/es\/wp-json\/wp\/v2\/pages\/13251","targetHints":{"allow":["GET"]}}],"collection":[{"href":"https:\/\/latamkurit-5281ce4bb8-cteaeha6g3c2hjhc.a03.azurefd.net\/es\/wp-json\/wp\/v2\/pages"}],"about":[{"href":"https:\/\/latamkurit-5281ce4bb8-cteaeha6g3c2hjhc.a03.azurefd.net\/es\/wp-json\/wp\/v2\/types\/page"}],"author":[{"embeddable":true,"href":"https:\/\/latamkurit-5281ce4bb8-cteaeha6g3c2hjhc.a03.azurefd.net\/es\/wp-json\/wp\/v2\/users\/2"}],"replies":[{"embeddable":true,"href":"https:\/\/latamkurit-5281ce4bb8-cteaeha6g3c2hjhc.a03.azurefd.net\/es\/wp-json\/wp\/v2\/comments?post=13251"}],"version-history":[{"count":16,"href":"https:\/\/latamkurit-5281ce4bb8-cteaeha6g3c2hjhc.a03.azurefd.net\/es\/wp-json\/wp\/v2\/pages\/13251\/revisions"}],"predecessor-version":[{"id":19637,"href":"https:\/\/latamkurit-5281ce4bb8-cteaeha6g3c2hjhc.a03.azurefd.net\/es\/wp-json\/wp\/v2\/pages\/13251\/revisions\/19637"}],"wp:attachment":[{"href":"https:\/\/latamkurit-5281ce4bb8-cteaeha6g3c2hjhc.a03.azurefd.net\/es\/wp-json\/wp\/v2\/media?parent=13251"}],"curies":[{"name":"wp","href":"https:\/\/api.w.org\/{rel}","templated":true}]}}